{"id":22,"date":"2019-05-26T11:05:09","date_gmt":"2019-05-26T11:05:09","guid":{"rendered":"http:\/\/belerina.ch\/?page_id=22"},"modified":"2023-09-19T19:12:50","modified_gmt":"2023-09-19T19:12:50","slug":"belerina","status":"publish","type":"page","link":"https:\/\/belerina.ch\/","title":{"rendered":"Belerina"},"content":{"rendered":"<p>[et_pb_section fb_built=&#8220;1&#8243; custom_padding_last_edited=&#8220;on|desktop&#8220; module_id=&#8220;portrait&#8220; _builder_version=&#8220;4.16&#8243; custom_margin_tablet=&#8220;-69px||&#8220; custom_margin_phone=&#8220;||-60px&#8220; custom_margin_last_edited=&#8220;on|tablet&#8220; custom_padding_tablet=&#8220;&#8220; custom_padding_phone=&#8220;&#8220; global_colors_info=&#8220;{}&#8220;][et_pb_row column_structure=&#8220;1_2,1_2&#8243; use_custom_gutter=&#8220;on&#8220; gutter_width=&#8220;1&#8243; _builder_version=&#8220;4.16&#8243; width_tablet=&#8220;80%&#8220; width_phone=&#8220;92%&#8220; width_last_edited=&#8220;on|phone&#8220; custom_margin_tablet=&#8220;20px||&#8220; custom_margin_phone=&#8220;&#8220; custom_margin_last_edited=&#8220;on|tablet&#8220; custom_padding=&#8220;27px||0px|||&#8220; global_colors_info=&#8220;{}&#8220;][et_pb_column type=&#8220;1_2&#8243; _builder_version=&#8220;4.16&#8243; custom_padding=&#8220;|||0px&#8220; custom_css_main_element=&#8220;z-index: 10\t&#8220; global_colors_info=&#8220;{}&#8220; custom_padding__hover=&#8220;|||&#8220;][et_pb_text _builder_version=&#8220;4.16&#8243; text_font=&#8220;||||||||&#8220; header_font=&#8220;|700|||||||&#8220; header_text_align=&#8220;left&#8220; header_text_color=&#8220;#fbd63c&#8220; header_font_size=&#8220;50px&#8220; custom_margin=&#8220;0px|||||&#8220; custom_padding=&#8220;|25px|15px|25px&#8220; global_colors_info=&#8220;{}&#8220;]<\/p>\n<h1 style=\"text-align: center;\">Portrait<\/h1>\n<p>[\/et_pb_text][et_pb_text _builder_version=&#8220;4.22.1&#8243; text_font=&#8220;|700|||||||&#8220; header_font=&#8220;||||||||&#8220; header_2_font=&#8220;|700|||||||&#8220; header_2_text_color=&#8220;rgba(0,0,0,0.7)&#8220; header_2_font_size=&#8220;25px&#8220; header_2_line_height=&#8220;1.7em&#8220; background_color=&#8220;#fbd63c&#8220; custom_margin_tablet=&#8220;||40px&#8220; custom_margin_phone=&#8220;&#8220; custom_margin_last_edited=&#8220;on|phone&#8220; custom_padding=&#8220;40px|40px|40px|40px|true|true&#8220; hover_enabled=&#8220;0&#8243; border_radii=&#8220;|15px|15px|90px|15px&#8220; global_colors_info=&#8220;{}&#8220; sticky_enabled=&#8220;0&#8243;]<\/p>\n<h2><span>Als Clownfrau Belerina seit 2013 unterwegs<\/span><\/h2>\n<ul>\n<li>Clownausbildung und Workshops bei Yve St\u00f6cklin in Basel<\/li>\n<li>Clowntrainings bei Bernhard St\u00f6ckli an der Accademia Dimitri in Verscio<\/li>\n<li>Zurzeit: Weiterbildung Theaterp\u00e4dagogik Metzenthin bei Lisa Mamis in Z\u00fcrich<\/li>\n<\/ul>\n<p><span>Bin in Basel geboren und aufgewachsen und verbrachte ein Teil meiner Jugend in den b\u00fcndner Bergen. Seit \u00fcber zwanzig Jahren lebe ich im sonnigen Fricktal.<\/span><\/p>\n<h2>R\u00fcde Odin (Baldrian)<\/h2>\n<p><span>Seit ein paar Jahren, begleitet mich manchmal in der Clownerie mein Hund. Er ist ein aufgeweckter Entlebucher-BorderColli und kennt kleine Kunstst\u00fcckli.<\/span><\/p>\n<p><span>Von Welpe an, besuchten wir zusammen diverse Hundeschulen, sowie die Trickschule bei Hansj\u00f6rg Adler und Kira, in Olsberg.<\/span><\/p>\n<p><span>Seit 2022 ist er auch als geschulter Therapiehund unterwegs (SC-Therapiehundeteam).<\/span><\/p>\n<p>[\/et_pb_text][\/et_pb_column][et_pb_column type=&#8220;1_2&#8243; _builder_version=&#8220;4.16&#8243; custom_padding=&#8220;|||&#8220; global_colors_info=&#8220;{}&#8220; custom_padding__hover=&#8220;|||&#8220;][et_pb_image src=&#8220;https:\/\/belerina.ch\/wp-content\/uploads\/2019\/05\/Belerina-Web-16.jpg&#8220; show_in_lightbox=&#8220;on&#8220; align_tablet=&#8220;center&#8220; align_phone=&#8220;center&#8220; align_last_edited=&#8220;on|desktop&#8220; _builder_version=&#8220;4.16&#8243; custom_margin=&#8220;|||-14%&#8220; custom_margin_tablet=&#8220;|||0%&#8220; custom_margin_phone=&#8220;|||0%&#8220; custom_margin_last_edited=&#8220;on|phone&#8220; border_radii=&#8220;|100px|15px|15px|15px&#8220; global_colors_info=&#8220;{}&#8220;][\/et_pb_image][et_pb_slider show_pagination=&#8220;off&#8220; _builder_version=&#8220;4.22.1&#8243; header_font=&#8220;||||||||&#8220; header_font_size=&#8220;30px&#8220; header_line_height=&#8220;1.7em&#8220; body_font=&#8220;||||||||&#8220; width=&#8220;86%&#8220; width_tablet=&#8220;100%&#8220; width_phone=&#8220;&#8220; width_last_edited=&#8220;on|tablet&#8220; module_alignment=&#8220;center&#8220; custom_margin=&#8220;30px|-50px||50px|false|false&#8220; custom_margin_tablet=&#8220;40px|0px|40px|0px|true&#8220; custom_margin_phone=&#8220;&#8220; custom_margin_last_edited=&#8220;on|desktop&#8220; custom_padding=&#8220;20px|20px|20px|20px|true|true&#8220; auto=&#8220;on&#8220; auto_speed=&#8220;5000&#8243; border_radii=&#8220;|15px|15px|15px|90px&#8220; global_colors_info=&#8220;{}&#8220;][et_pb_slide heading=&#8220;\u201eClown sein ist f\u00fcr mich pure Narrenfreiheit\u201c&#8220; use_bg_overlay=&#8220;off&#8220; use_text_overlay=&#8220;off&#8220; _builder_version=&#8220;4.22.1&#8243; header_font=&#8220;|700|||||||&#8220; header_font_size=&#8220;28px&#8220; body_font=&#8220;|700|||||||&#8220; body_text_color=&#8220;#ffffff&#8220; background_color=&#8220;#0c85cc&#8220; background_size=&#8220;contain&#8220; global_colors_info=&#8220;{}&#8220; sticky_transition=&#8220;on&#8220;]<\/p>\n<p>Clownfrau Belerina<\/p>\n<p>[\/et_pb_slide][et_pb_slide heading=&#8220;\u201eWer lacht gibt nicht auf\u2026\u201c&#8220; use_bg_overlay=&#8220;off&#8220; use_text_overlay=&#8220;off&#8220; _builder_version=&#8220;4.16&#8243; header_font=&#8220;|700|||||||&#8220; header_font_size=&#8220;28px&#8220; body_font=&#8220;|700|||||||&#8220; body_text_color=&#8220;#ffffff&#8220; background_color=&#8220;#0c85cc&#8220; background_size=&#8220;contain&#8220; global_colors_info=&#8220;{}&#8220; sticky_transition=&#8220;on&#8220;]<\/p>\n<p>Volksweisheit<\/p>\n<p>[\/et_pb_slide][et_pb_slide heading=&#8220;\u201eIch bin ein Clown und sammle Augenblicke\u201c&#8220; use_bg_overlay=&#8220;off&#8220; use_text_overlay=&#8220;off&#8220; _builder_version=&#8220;4.16&#8243; header_font=&#8220;|700|||||||&#8220; header_font_size=&#8220;28px&#8220; body_font=&#8220;|700|||||||&#8220; body_text_color=&#8220;#ffffff&#8220; background_color=&#8220;#0c85cc&#8220; background_size=&#8220;contain&#8220; global_colors_info=&#8220;{}&#8220; sticky_transition=&#8220;on&#8220;]<\/p>\n<p><span size=\"4\" style=\"font-size: large;\">Heinrich B\u00f6ll<\/span><\/p>\n<p>[\/et_pb_slide][et_pb_slide heading=&#8220;%22Auf welcher B\u00fchne ich stehe, welchen Weg ich auch gehe, das Ziel ist sonnenklar, zu schmunzeln und lachen der Seele zuliebe.%22&#8243; use_bg_overlay=&#8220;off&#8220; use_text_overlay=&#8220;off&#8220; _builder_version=&#8220;4.22.1&#8243; header_font=&#8220;|700|||||||&#8220; header_font_size=&#8220;28px&#8220; body_font=&#8220;|700|||||||&#8220; body_text_color=&#8220;#ffffff&#8220; background_color=&#8220;#0c85cc&#8220; background_size=&#8220;contain&#8220; global_colors_info=&#8220;{}&#8220; sticky_transition=&#8220;on&#8220;]<\/p>\n<p>Clownfrau Belerina<\/p>\n<p>[\/et_pb_slide][\/et_pb_slider][\/et_pb_column][\/et_pb_row][et_pb_row _builder_version=&#8220;4.16&#8243; width_tablet=&#8220;&#8220; width_phone=&#8220;90%&#8220; width_last_edited=&#8220;on|phone&#8220; custom_padding=&#8220;0px||2px|||&#8220; custom_css_main_element=&#8220;z-index: 11&#8243; global_colors_info=&#8220;{}&#8220;][et_pb_column type=&#8220;4_4&#8243; _builder_version=&#8220;4.16&#8243; custom_padding=&#8220;|||&#8220; global_colors_info=&#8220;{}&#8220; custom_padding__hover=&#8220;|||&#8220;][\/et_pb_column][\/et_pb_row][\/et_pb_section][et_pb_section fb_built=&#8220;1&#8243; module_id=&#8220;angebot&#8220; _builder_version=&#8220;4.16&#8243; custom_padding=&#8220;||0px|||&#8220; global_colors_info=&#8220;{}&#8220;][et_pb_row column_structure=&#8220;2_5,3_5&#8243; use_custom_gutter=&#8220;on&#8220; gutter_width=&#8220;1&#8243; _builder_version=&#8220;4.16&#8243; width_tablet=&#8220;80%&#8220; width_phone=&#8220;92%&#8220; width_last_edited=&#8220;on|phone&#8220; custom_padding=&#8220;42px||0px|||&#8220; global_colors_info=&#8220;{}&#8220;][et_pb_column type=&#8220;2_5&#8243; _builder_version=&#8220;4.16&#8243; custom_padding=&#8220;|||0px&#8220; custom_css_main_element=&#8220;||  &#8220; global_colors_info=&#8220;{}&#8220; custom_padding__hover=&#8220;|||&#8220;][et_pb_image src=&#8220;https:\/\/belerina.ch\/wp-content\/uploads\/2019\/05\/Belerina-Web-05.jpg&#8220; show_in_lightbox=&#8220;on&#8220; align_tablet=&#8220;center&#8220; align_phone=&#8220;center&#8220; align_last_edited=&#8220;on|desktop&#8220; disabled_on=&#8220;on|on|off&#8220; _builder_version=&#8220;4.16&#8243; custom_margin=&#8220;|||&#8220; custom_margin_tablet=&#8220;|||0%&#8220; custom_margin_phone=&#8220;|||0%&#8220; custom_margin_last_edited=&#8220;on|phone&#8220; border_radii=&#8220;|100px|15px|15px|15px&#8220; global_colors_info=&#8220;{}&#8220;][\/et_pb_image][\/et_pb_column][et_pb_column type=&#8220;3_5&#8243; _builder_version=&#8220;4.16&#8243; custom_padding=&#8220;|||&#8220; global_colors_info=&#8220;{}&#8220; custom_padding__hover=&#8220;|||&#8220;][et_pb_text _builder_version=&#8220;4.16&#8243; text_font=&#8220;||||||||&#8220; header_font=&#8220;|700|||||||&#8220; header_text_align=&#8220;left&#8220; header_text_color=&#8220;#cf1430&#8243; header_font_size=&#8220;50px&#8220; width=&#8220;60%&#8220; width_tablet=&#8220;100%&#8220; width_phone=&#8220;&#8220; width_last_edited=&#8220;on|phone&#8220; custom_padding=&#8220;|25px|15px|25px&#8220; global_colors_info=&#8220;{}&#8220;]<\/p>\n<h1 style=\"text-align: center;\">Angebot<\/h1>\n<p>[\/et_pb_text][et_pb_text _builder_version=&#8220;4.16&#8243; text_font=&#8220;|700|||||||&#8220; text_text_color=&#8220;#ffffff&#8220; header_font=&#8220;||||||||&#8220; header_text_color=&#8220;#ffffff&#8220; header_2_font=&#8220;|700|||||||&#8220; header_2_text_color=&#8220;#ffffff&#8220; header_2_font_size=&#8220;25px&#8220; header_2_line_height=&#8220;1.7em&#8220; background_color=&#8220;#cf1430&#8243; custom_margin=&#8220;|||-7%&#8220; custom_margin_tablet=&#8220;||40px|0%&#8220; custom_margin_phone=&#8220;&#8220; custom_margin_last_edited=&#8220;on|phone&#8220; custom_padding=&#8220;40px|40px|40px|40px|true|true&#8220; custom_css_main_element=&#8220;z-index: 11||  &#8220; border_radii=&#8220;|15px|15px|90px|15px&#8220; global_colors_info=&#8220;{}&#8220;]<\/p>\n<p>Clowntheater f\u00fcr \u00f6ffentliche und private Anl\u00e4sse<\/p>\n<p>Visiten in Spit\u00e4lern und Gesundheitszentren<\/p>\n<p>Projekte\/Workshops mitgestalten in Schulen und Institutionen<\/p>\n<p>[\/et_pb_text][et_pb_image src=&#8220;https:\/\/belerina.ch\/wp-content\/uploads\/2019\/05\/Belerina-Web-09.jpg&#8220; show_in_lightbox=&#8220;on&#8220; align_tablet=&#8220;center&#8220; align_phone=&#8220;center&#8220; align_last_edited=&#8220;on|desktop&#8220; _builder_version=&#8220;4.16&#8243; width=&#8220;83%&#8220; width_tablet=&#8220;100%&#8220; width_phone=&#8220;&#8220; width_last_edited=&#8220;on|phone&#8220; custom_margin=&#8220;20px|||-14%&#8220; custom_margin_tablet=&#8220;0px|||0%&#8220; custom_margin_phone=&#8220;|||0%&#8220; custom_margin_last_edited=&#8220;on|phone&#8220; custom_css_main_element=&#8220;z-index: 9&#8243; border_radii=&#8220;|15px|100px|15px|15px&#8220; global_colors_info=&#8220;{}&#8220;][\/et_pb_image][\/et_pb_column][\/et_pb_row][\/et_pb_section][et_pb_section fb_built=&#8220;1&#8243; module_id=&#8220;referenzen&#8220; _builder_version=&#8220;4.16&#8243; custom_padding=&#8220;2px||0px|||&#8220; global_colors_info=&#8220;{}&#8220;][et_pb_row column_structure=&#8220;1_2,1_2&#8243; use_custom_gutter=&#8220;on&#8220; gutter_width=&#8220;1&#8243; _builder_version=&#8220;4.22.1&#8243; width_tablet=&#8220;80%&#8220; width_phone=&#8220;92%&#8220; width_last_edited=&#8220;on|phone&#8220; custom_padding=&#8220;42px||0px|||&#8220; global_colors_info=&#8220;{}&#8220;][et_pb_column type=&#8220;1_2&#8243; _builder_version=&#8220;4.22.1&#8243; z_index=&#8220;0&#8243; custom_padding=&#8220;|||0px&#8220; custom_css_main_element=&#8220;z-index: 10||  &#8220; global_colors_info=&#8220;{}&#8220; custom_padding__hover=&#8220;|||&#8220;][et_pb_text _builder_version=&#8220;4.16&#8243; text_font=&#8220;||||||||&#8220; header_font=&#8220;|700|||||||&#8220; header_text_align=&#8220;left&#8220; header_text_color=&#8220;#f3d19e&#8220; header_font_size=&#8220;50px&#8220; width=&#8220;60%&#8220; width_tablet=&#8220;100%&#8220; width_phone=&#8220;&#8220; width_last_edited=&#8220;on|phone&#8220; custom_padding=&#8220;63px|25px|15px|25px||&#8220; global_colors_info=&#8220;{}&#8220;]<\/p>\n<h1 style=\"text-align: center;\">Referenzen<\/h1>\n<p>[\/et_pb_text][et_pb_text _builder_version=&#8220;4.22.1&#8243; text_font=&#8220;|700|||||||&#8220; text_text_color=&#8220;#CF1430&#8243; header_font=&#8220;||||||||&#8220; header_text_color=&#8220;#ffffff&#8220; header_2_font=&#8220;|700|||||||&#8220; header_2_text_color=&#8220;#ffffff&#8220; header_2_font_size=&#8220;25px&#8220; header_2_line_height=&#8220;1.7em&#8220; background_color=&#8220;#faead5&#8243; z_index=&#8220;2&#8243; custom_margin=&#8220;|||-7%&#8220; custom_margin_tablet=&#8220;||40px|0%&#8220; custom_margin_phone=&#8220;&#8220; custom_margin_last_edited=&#8220;on|phone&#8220; custom_padding=&#8220;40px|40px|40px|40px|true|true&#8220; hover_enabled=&#8220;0&#8243; custom_css_main_element=&#8220;z-index: 11||  &#8220; border_radii=&#8220;|15px|15px|90px|15px&#8220; global_colors_info=&#8220;{}&#8220; sticky_enabled=&#8220;0&#8243;]<\/p>\n<p>Clownszene<br \/><span style=\"color: #333333;\">Eine Clownerie im Kindergarten Emmenbr\u00fccke zum Thema Ern\u00e4hrung.<\/span><\/p>\n<p>Ausstellung<br \/><span style=\"color: #333333;\">Clownerie an der \u00f6ffentlichen\u00a0Weihnachtsausstellung der G\u00e4rtnerei Huber AG in Wohlen<\/span><\/p>\n<p>Kaffikr\u00e4nzchen und Singen<br \/><span style=\"color: #333333;\">Betreuungsst\u00e4tte Atrium Basel<\/span><\/p>\n<p>Intermezzo<br \/><span style=\"color: #333333;\">Belerina besucht eine Wohnungsumbaueinweihungsparty<\/span><br \/><span style=\"color: #333333;\"> Jubil\u00e4umsgeschenk f\u00fcr den Chor-Dirigenten des Cantus Basel<\/span><\/p>\n<p>Adventsfeier<br \/><span style=\"color: #333333;\">im Seniorentreff in Oeschgen<\/span><\/p>\n<p>Jubil\u00e4um<br \/><span style=\"color: #333333;\">Tag der offenen T\u00fcr, Beautyzentrum Frick<\/span><\/p>\n<p>Weihnachtsfeier<br \/><span style=\"color: #333333;\">Verein Alterswohnung im Alterszentrum Momo, Basel<\/span><br \/><span style=\"color: #333333;\"> Jubil\u00e4um Frauenbund K\u00e4giswil<\/span><\/p>\n<p>Visite<br \/><span style=\"color: #333333;\">Spital Laufenburg Pflegheim<\/span><\/p>\n<p>1. Augustfeier<br \/><span style=\"color: #333333;\">Spital Laufenburg<\/span><\/p>\n<p>Sommerfest<br \/><span style=\"color: #333333;\">Privatanlass im Bata Club M\u00f6hlin<br \/><\/span><span style=\"color: #333333;\">Kita familea in M\u00f6hlin<br \/><\/span><span style=\"color: #333333;\">Tertianum Salmenpark, Rheinfelden<\/span><\/p>\n<p><span>Strassenfest Basel<br \/><span style=\"color: #333333;\">Pf\u00e4fferg\u00e4ssli mit Sicherheitsorchester<\/span><\/span><\/p>\n<p>[\/et_pb_text][\/et_pb_column][et_pb_column type=&#8220;1_2&#8243; _builder_version=&#8220;4.22.1&#8243; z_index=&#8220;0&#8243; custom_padding=&#8220;|||&#8220; global_colors_info=&#8220;{}&#8220; custom_padding__hover=&#8220;|||&#8220;][et_pb_image src=&#8220;https:\/\/belerina.ch\/wp-content\/uploads\/2019\/05\/Belerina-Web-02.jpg&#8220; show_in_lightbox=&#8220;on&#8220; align_tablet=&#8220;center&#8220; align_phone=&#8220;center&#8220; align_last_edited=&#8220;on|desktop&#8220; _builder_version=&#8220;4.22.1&#8243; z_index=&#8220;1&#8243; custom_margin=&#8220;|||-14%&#8220; custom_margin_tablet=&#8220;|||0%&#8220; custom_margin_phone=&#8220;|||0%&#8220; custom_margin_last_edited=&#8220;on|phone&#8220; border_radii=&#8220;|100px|15px|15px|15px&#8220; global_colors_info=&#8220;{}&#8220;][\/et_pb_image][et_pb_text module_id=&#8220;presse&#8220; _builder_version=&#8220;4.16&#8243; text_font=&#8220;||||||||&#8220; header_font=&#8220;|700|||||||&#8220; header_text_align=&#8220;left&#8220; header_text_color=&#8220;#0c85cc&#8220; header_font_size=&#8220;50px&#8220; custom_padding=&#8220;93px|25px|15px|25px||&#8220; global_colors_info=&#8220;{}&#8220;]<\/p>\n<h1 style=\"text-align: center;\">Presse<\/h1>\n<p>[\/et_pb_text][et_pb_text _builder_version=&#8220;4.16&#8243; text_font=&#8220;|700|||||||&#8220; text_text_color=&#8220;#ffffff&#8220; link_font=&#8220;||||||||&#8220; link_text_color=&#8220;#ffffff&#8220; header_font=&#8220;||||||||&#8220; header_2_font=&#8220;|700|||||||&#8220; header_2_text_color=&#8220;rgba(0,0,0,0.7)&#8220; header_2_font_size=&#8220;25px&#8220; header_2_line_height=&#8220;1.7em&#8220; background_color=&#8220;#0c85cc&#8220; width_tablet=&#8220;&#8220; width_phone=&#8220;&#8220; width_last_edited=&#8220;on|desktop&#8220; custom_margin=&#8220;|||49px&#8220; custom_margin_tablet=&#8220;||40px|0px&#8220; custom_margin_phone=&#8220;&#8220; custom_margin_last_edited=&#8220;on|phone&#8220; custom_padding=&#8220;40px|40px|40px|40px|true|true&#8220; border_radii=&#8220;|15px|15px|90px|15px&#8220; global_colors_info=&#8220;{}&#8220; link_text_color__hover_enabled=&#8220;on&#8220; link_text_color__hover=&#8220;#ffffff&#8220;]<\/p>\n<p><span size=\"4\" style=\"font-size: large;\"><a href=\"https:\/\/belerina.ch\/wp-content\/uploads\/2019\/05\/Fricktal24.ch-August-2016.pdf\" rel=\"attachment wp-att-114 noopener noreferrer\" target=\"_blank\">Fricktal24.ch August 2016<\/a><\/span><\/p>\n<p><span size=\"4\" style=\"font-size: large;\"><a href=\"https:\/\/belerina.ch\/wp-content\/uploads\/2019\/05\/Neue-Fricktaler-Zeitung-Januar-2016.pdf\" rel=\"attachment wp-att-115 noopener noreferrer\" target=\"_blank\">Neue Fricktaler Zeitung Januar 2016<\/a><\/span><\/p>\n<p>[\/et_pb_text][et_pb_image src=&#8220;https:\/\/belerina.ch\/wp-content\/uploads\/2019\/05\/Belerina-Web-03.jpg&#8220; show_in_lightbox=&#8220;on&#8220; align_tablet=&#8220;center&#8220; align_phone=&#8220;center&#8220; align_last_edited=&#8220;on|desktop&#8220; _builder_version=&#8220;4.22.1&#8243; z_index=&#8220;5&#8243; width=&#8220;83%&#8220; width_tablet=&#8220;100%&#8220; width_phone=&#8220;&#8220; width_last_edited=&#8220;on|phone&#8220; custom_margin=&#8220;20px|||-5%&#8220; custom_margin_tablet=&#8220;0px|||0%&#8220; custom_margin_phone=&#8220;|||0%&#8220; custom_margin_last_edited=&#8220;on|tablet&#8220; custom_css_main_element=&#8220;z-index: 12&#8243; border_radii=&#8220;|15px|15px|15px|100px&#8220; global_colors_info=&#8220;{}&#8220;][\/et_pb_image][\/et_pb_column][\/et_pb_row][\/et_pb_section][et_pb_section fb_built=&#8220;1&#8243; _builder_version=&#8220;4.16&#8243; custom_padding=&#8220;0px|||||&#8220; global_colors_info=&#8220;{}&#8220;][et_pb_row column_structure=&#8220;1_2,1_2&#8243; use_custom_gutter=&#8220;on&#8220; gutter_width=&#8220;1&#8243; module_id=&#8220;kontakt&#8220; _builder_version=&#8220;4.16&#8243; width_tablet=&#8220;80%&#8220; width_phone=&#8220;92%&#8220; width_last_edited=&#8220;on|phone&#8220; custom_padding=&#8220;92px|||||&#8220; global_colors_info=&#8220;{}&#8220;][et_pb_column type=&#8220;1_2&#8243; _builder_version=&#8220;4.16&#8243; custom_padding=&#8220;|||0px&#8220; global_colors_info=&#8220;{}&#8220; custom_padding__hover=&#8220;|||&#8220;][et_pb_image src=&#8220;https:\/\/belerina.ch\/wp-content\/uploads\/2019\/05\/Belerina-Web-15.jpg&#8220; show_in_lightbox=&#8220;on&#8220; align_tablet=&#8220;center&#8220; align_phone=&#8220;center&#8220; align_last_edited=&#8220;on|desktop&#8220; disabled_on=&#8220;on|on|off&#8220; _builder_version=&#8220;4.16&#8243; custom_margin_tablet=&#8220;|||0%&#8220; custom_margin_phone=&#8220;|||0%&#8220; custom_margin_last_edited=&#8220;on|phone&#8220; border_radii=&#8220;|100px|15px|15px|15px&#8220; global_colors_info=&#8220;{}&#8220;][\/et_pb_image][\/et_pb_column][et_pb_column type=&#8220;1_2&#8243; _builder_version=&#8220;4.16&#8243; custom_padding=&#8220;|||&#8220; custom_css_main_element=&#8220;z-index: 10\t&#8220; global_colors_info=&#8220;{}&#8220; custom_padding__hover=&#8220;|||&#8220;][et_pb_text _builder_version=&#8220;4.22.1&#8243; text_font=&#8220;||||||||&#8220; header_font=&#8220;|700|||||||&#8220; header_text_align=&#8220;left&#8220; header_text_color=&#8220;#e58797&#8243; header_font_size=&#8220;50px&#8220; custom_margin=&#8220;1px|||-40px||&#8220; custom_margin_tablet=&#8220;&#8220; custom_margin_phone=&#8220;&#8220; custom_margin_last_edited=&#8220;on|desktop&#8220; custom_padding=&#8220;|25px|15px|25px&#8220; hover_enabled=&#8220;0&#8243; global_colors_info=&#8220;{}&#8220; sticky_enabled=&#8220;0&#8243;]<\/p>\n<h1 style=\"text-align: center;\">Kontakt<\/h1>\n<p>[\/et_pb_text][et_pb_text _builder_version=&#8220;4.22.1&#8243; text_font=&#8220;|700|||||||&#8220; text_text_color=&#8220;#ffffff&#8220; link_font=&#8220;||||||||&#8220; link_text_color=&#8220;#ffffff&#8220; header_font=&#8220;||||||||&#8220; header_2_font=&#8220;|700|||||||&#8220; header_2_text_color=&#8220;#ffffff&#8220; header_2_font_size=&#8220;25px&#8220; header_2_line_height=&#8220;1.7em&#8220; background_color=&#8220;#e58797&#8243; custom_margin=&#8220;|||-40px&#8220; custom_margin_tablet=&#8220;||40px|0px&#8220; custom_margin_phone=&#8220;&#8220; custom_margin_last_edited=&#8220;on|phone&#8220; custom_padding=&#8220;40px|40px|40px|40px|true|true&#8220; hover_enabled=&#8220;0&#8243; border_radii=&#8220;|15px|15px|90px|15px&#8220; global_colors_info=&#8220;{}&#8220; link_text_color__hover_enabled=&#8220;on&#8220; link_text_color__hover=&#8220;rgba(255,255,255,0.66)&#8220; sticky_enabled=&#8220;0&#8243;]<\/p>\n<h2 style=\"text-align: center;\">Atelier Clowneria Belerina<\/h2>\n<p style=\"text-align: center;\">Astid Fuhrer<br \/>D\u00f6rrmattweg 3f<br \/>5070 Frick<\/p>\n<p style=\"text-align: center;\"><a href=\"tel:0041792446216\">+41 79 244 62 16<\/a><\/p>\n<p style=\"text-align: center;\"><a href=\"&#109;&#x61;&#x69;&#108;&#x74;&#x6f;&#58;&#x68;&#x61;&#108;&#x6c;&#x6f;&#64;&#x62;&#x65;&#108;&#x65;&#x72;&#105;&#x6e;&#x61;&#46;&#x63;&#x68;\">&#104;&#x61;&#108;&#x6c;o&#x40;b&#101;&#x6c;&#101;&#x72;&#105;&#x6e;a&#x2e;c&#104;<\/a><\/p>\n<p>[\/et_pb_text][\/et_pb_column][\/et_pb_row][\/et_pb_section]<\/p>\n","protected":false},"excerpt":{"rendered":"<p>PortraitAls Clownfrau Belerina seit 2013 unterwegs Clownausbildung und Workshops bei Yve St\u00f6cklin in Basel Clowntrainings bei Bernhard St\u00f6ckli an der Accademia Dimitri in Verscio Zurzeit: Weiterbildung Theaterp\u00e4dagogik Metzenthin bei Lisa Mamis in Z\u00fcrich Bin in Basel geboren und aufgewachsen und verbrachte ein Teil meiner Jugend in den b\u00fcndner Bergen. Seit \u00fcber zwanzig Jahren lebe ich [&hellip;]<\/p>\n","protected":false},"author":1,"featured_media":0,"parent":0,"menu_order":0,"comment_status":"closed","ping_status":"closed","template":"","meta":{"_et_pb_use_builder":"on","_et_pb_old_content":"","_et_gb_content_width":"","footnotes":""},"class_list":["post-22","page","type-page","status-publish","hentry"],"_links":{"self":[{"href":"https:\/\/belerina.ch\/index.php?rest_route=\/wp\/v2\/pages\/22","targetHints":{"allow":["GET"]}}],"collection":[{"href":"https:\/\/belerina.ch\/index.php?rest_route=\/wp\/v2\/pages"}],"about":[{"href":"https:\/\/belerina.ch\/index.php?rest_route=\/wp\/v2\/types\/page"}],"author":[{"embeddable":true,"href":"https:\/\/belerina.ch\/index.php?rest_route=\/wp\/v2\/users\/1"}],"replies":[{"embeddable":true,"href":"https:\/\/belerina.ch\/index.php?rest_route=%2Fwp%2Fv2%2Fcomments&post=22"}],"version-history":[{"count":57,"href":"https:\/\/belerina.ch\/index.php?rest_route=\/wp\/v2\/pages\/22\/revisions"}],"predecessor-version":[{"id":181,"href":"https:\/\/belerina.ch\/index.php?rest_route=\/wp\/v2\/pages\/22\/revisions\/181"}],"wp:attachment":[{"href":"https:\/\/belerina.ch\/index.php?rest_route=%2Fwp%2Fv2%2Fmedia&parent=22"}],"curies":[{"name":"wp","href":"https:\/\/api.w.org\/{rel}","templated":true}]}}